{"id":305,"date":"2015-12-15T00:07:36","date_gmt":"2015-12-14T22:07:36","guid":{"rendered":"http:\/\/localhost\/Bobby\/?page_id=5"},"modified":"2024-08-16T06:20:35","modified_gmt":"2024-08-16T04:20:35","slug":"home","status":"publish","type":"page","link":"https:\/\/julisand.de\/ein-traum-am-meer\/","title":{"rendered":"Home"},"content":{"rendered":"<p>[vc_row css=&#8220;.vc_custom_1622802692099{margin-right: 10% !important;}&#8220;][vc_column width=&#8220;2\/5&#8243; css=&#8220;.vc_custom_1622802876124{margin-left: 10% !important;}&#8220; offset=&#8220;vc_col-xs-2\/5&#8243;][vc_single_image image=&#8220;493&#8243; img_size=&#8220;full&#8220; css_animation=&#8220;fadeInLeftBig&#8220; el_id=&#8220;About&#8220;][\/vc_column][vc_column width=&#8220;3\/5&#8243; css=&#8220;.vc_custom_1622806371144{margin-top: 15% !important;margin-right: 100px !important;}&#8220; offset=&#8220;vc_col-xs-3\/5&#8243;][vc_column_text css_animation=&#8220;fadeIn&#8220;]<\/p>\n<h2><strong>Juli Sand<\/strong><\/h2>\n<p>Hallo, willkommen auf meiner Website, ich bin Juli und schon als kleines M\u00e4dchen habe ich viel gelesen und Gedichte geschrieben.<\/p>\n<p>Die Liebe zu B\u00fcchern und zum Schreiben hat mich dazu bewegt, Germanistik zu studieren. Au\u00dferdem habe ich Betriebswirtschaft studiert, damit ich lerne, wie aus einer Geschichte ein richtiges Buch wird, das dann im Buchladen steht und hoffentlich den Weg zu euch, meinen Leser:innen findet<\/p>\n<p>Wenn ich nicht gerade schreibe oder meine Nase in B\u00fccher stecke, schaue ich mir gerne die Welt an und verreise. Meine Romane spielen an wundersch\u00f6nen Orten und laden euch zum Tr\u00e4umen ein. Man findet mich auch regelm\u00e4\u00dfig bei langen Spazierg\u00e4ngen, beim Joggen oder \u00fcberhaupt drau\u00dfen in der Natur. Das Meer hat es mir dabei besonders angetan. In meinen Geschichten spielt es immer eine ganz wichtige Rolle.<\/p>\n<p>Besucht mich gern auf Instagram <a href=\"https:\/\/www.instagram.com\/juli_sand_autorin\/\" target=\"_blank\" rel=\"noopener\">@juli_sand_autorin<\/a>, dort erfahrt ihr auch Aktuelles zu meinen B\u00fcchern und aus meinem Autor:innenleben.<\/p>\n<h3 style=\"text-align: right;\">Eure Juli Sand<\/h3>\n<p>&nbsp;<\/p>\n<p>\u2022 Juli Sand wurde als mittlere von drei Schwestern in Weimar geboren. Der Liebe wegen zog sie nach Hamburg und die Stadt wurde zu ihrer Heimat.<\/p>\n<p>\u2022 Sie studierte Germanistik, Betriebswirtschaft und die Menschen im Allgemeinen, die sie immer wieder zu neuen Romanideen inspirieren.<\/p>\n<p>\u2022 Die Faszination f\u00fcrs Schreiben begleitet Juli Sand schon ihr ganzes Leben. Ihre zahlreichen Reiseerlebnisse l\u00e4sst sie gern in ihre B\u00fccher einflie\u00dfen.[\/vc_column_text][\/vc_column][\/vc_row][vc_row css=&#8220;.vc_custom_1668774785113{margin-top: 20px !important;margin-bottom: 20px !important;padding-top: 20px !important;padding-bottom: 20px !important;}&#8220;][vc_column el_id=&#8220;buecher&#8220;][vc_text_separator title=&#8220;Meine Romane&#8220; color=&#8220;black&#8220; el_width=&#8220;80&#8243;][\/vc_column][\/vc_row][vc_row][vc_column css_animation=&#8220;fadeIn&#8220; css=&#8220;.vc_custom_1623051209672{margin-top: 5% !important;margin-left: 8% !important;}&#8220; offset=&#8220;vc_col-lg-offset-0 vc_col-lg-3\/5 vc_col-md-offset-0 vc_col-md-3\/5 vc_col-sm-offset-0 vc_col-xs-12&#8243;][vc_column_text css=&#8220;.vc_custom_1715604723153{margin-right: 150px !important;}&#8220; el_id=&#8220;Buch&#8220;]<\/p>\n<h1 class=\"book-detail-main-title\">Dinner im kleinen Cottage<br \/>\nin Schottland<\/h1>\n<p>St\u00fcrmische Gef\u00fchle im \u00bbBright Blossom Cottage\u00ab in Schottland. F\u00fcr alle Leser:innen von Jenny Colgan und Manuela Inusa<\/p>\n<p>Rebecca liebt ihre schottische Heimat und ihre Arbeit im Bright Blossom Cottage \u00fcber alles, doch manchmal fragt sie sich, ob sie mit ihren 28 Jahren nicht noch etwas mehr von der Welt als East Lothian und den Firth of Forth sehen sollte. Aufregend und ultimativ sexy findet Rebecca den neuen Gast aus \u00dcbersee, Josh Rush, der sich im Cottage ausruhen und auf die neue Surfsaison vorbereiten m\u00f6chte. Als er sich beim gemeinsamen Segelt\u00f6rn verletzt und l\u00e4nger als gedacht im Cottage bleibt, bringt er sie zum Tr\u00e4umen und l\u00e4sst ihr Herz aufbranden wie eine tosende Welle&#8230;<\/p>\n<p>Zitat:<br \/>\n\u00bbJuli Sand entf\u00fchrt uns mit ihrer Wohlf\u00fchlreihe \u00bbBright Blossom Cottage\u00ab ins wundersch\u00f6ne Schottland und l\u00e4sst unsere Herzen mit jedem Band h\u00f6her schlagen.\u00ab<br \/>\n(Carina Schnell, Bestsellerautorin)[\/vc_column_text][\/vc_column][vc_column offset=&#8220;vc_col-lg-offset-0 vc_col-lg-2\/5 vc_col-md-offset-0 vc_col-md-2\/5 vc_col-sm-offset-0 vc_col-xs-offset-2 vc_col-xs-12&#8243; css=&#8220;.vc_custom_1692194034685{margin-left: 10% !important;}&#8220;][vc_single_image image=&#8220;581&#8243; img_size=&#8220;350&#215;554&#8243; css_animation=&#8220;fadeInRightBig&#8220;][\/vc_column][\/vc_row][vc_row][vc_column css=&#8220;.vc_custom_1694100730740{padding-top: 20px !important;padding-bottom: 20px !important;}&#8220;][vc_cta h2=&#8220;Dinner im kleinen Cottage in Schottland&#8220; h2_font_container=&#8220;tag:h2|text_align:center|color:%23ffffff&#8220; h2_use_theme_fonts=&#8220;yes&#8220; h4_font_container=&#8220;tag:h4|text_align:left&#8220; shape=&#8220;square&#8220; style=&#8220;flat&#8220; color=&#8220;white&#8220; use_custom_fonts_h2=&#8220;true&#8220; use_custom_fonts_h4=&#8220;true&#8220; css=&#8220;.vc_custom_1723782017135{margin-top: 20px !important;margin-bottom: 20px !important;padding-top: 20px !important;padding-bottom: 20px !important;background-image: url(https:\/\/julisand.de\/ein-traum-am-meer\/wp-content\/uploads\/2024\/05\/back-dinner.jpg?id=582) !important;background-position: center !important;background-repeat: no-repeat !important;background-size: cover !important;}&#8220;]<\/p>\n<h2 class=\"section-title\" style=\"text-align: center;\"><\/h2>\n<p style=\"text-align: center;\"><span style=\"color: #ffffff;\">Der Roman erscheint als E-Book und Taschenbuch &#8211; <strong>am 1.8.2024<\/strong> &#8211; jetzt vorbestellen.<\/span><\/p>\n<h2 style=\"text-align: center;\"><em><strong><a href=\"https:\/\/www.thalia.de\/shop\/home\/artikeldetails\/A1070244616?ProvID=11000533&amp;gad_source=1&amp;gclid=EAIaIQobChMIkaP30MWKhgMVP5aDBx3RxQ2nEAQYASABEgL2wPD_BwE\" target=\"_blank\" rel=\"noopener\"><span style=\"color: #ffffff;\">THALIA<\/span><\/a><\/strong><\/em><\/h2>\n<h2 style=\"text-align: center;\"><em><strong> <a href=\"https:\/\/www.amazon.de\/Dinner-kleinen-Cottage-Schottland-Blossom-ebook\/dp\/B0CLKZJXLD\/ref=sr_1_1?__mk_de_DE=%C3%85M%C3%85%C5%BD%C3%95%C3%91&amp;crid=2XHU98FMEIJMT&amp;dib=eyJ2IjoiMSJ9.jX4Hn00kQmtx0GEQGZPdMA2nHSI59UgSpiuGxp31p78fGK0NWkDm1CUJLxmmj4m1Eg7sSQZ-irgESXOznICSCgquj8fhydoaRNbzUh0IvUy9aCtiqbQ9Ylr30ejHgnKW_3ho8rRtFrQl2Tmk0NclNCSBxcLnC3gjbIngCOvLKYGi97-JCPp4WUAm87D3NtUohoDNeWwgdW7zzdQq-sukXIEVlHe5cp6p3tsWqQFJauA.lhWReKu4Vq9Op7IyeKfjpW7VYL9WWfHSOGs9IpoqmSw&amp;dib_tag=se&amp;keywords=Dinner+im+kleinen+Cottage+in+Schottland&amp;qid=1715603974&amp;sprefix=dinner+im+kleinen+cottage+in+schottland%2Caps%2C78&amp;sr=8-1\" target=\"_blank\" rel=\"noopener\"><span style=\"color: #ffffff;\">AMAZON<\/span><\/a><\/strong><\/em><\/h2>\n<h2 style=\"text-align: center;\"><em><strong><a href=\"https:\/\/www.piper.de\/buecher\/dinner-im-kleinen-cottage-in-schottland-isbn-978-3-492-50713-4\" target=\"_blank\" rel=\"noopener\"><span style=\"color: #ffffff;\">PIPER<\/span><\/a><\/strong><\/em><\/h2>\n<h2 style=\"text-align: center;\"><em><strong><a href=\"https:\/\/www.instagram.com\/p\/C-rxTs0O4ZM\/?igsh=MXJzZThtejJnZGd3eg%3D%3D\" target=\"_blank\" rel=\"noopener\"><span style=\"color: #ffffff;\">Instagram &#8211; \ud83c\udf3aVERLOSUNG!\ud83c\udf3a<\/span><\/a><\/strong><\/em><\/h2>\n<p>[\/vc_cta][\/vc_column][\/vc_row][vc_row][vc_column css_animation=&#8220;fadeIn&#8220; css=&#8220;.vc_custom_1623051209672{margin-top: 5% !important;margin-left: 8% !important;}&#8220; offset=&#8220;vc_col-lg-offset-0 vc_col-lg-3\/5 vc_col-md-offset-0 vc_col-md-3\/5 vc_col-sm-offset-0 vc_col-xs-12&#8243;][vc_column_text css=&#8220;.vc_custom_1715604732402{margin-right: 150px !important;}&#8220;]<\/p>\n<h1 class=\"book-detail-main-title\">Tea-Time im kleinen Cottage<br \/>\nin Schottland<\/h1>\n<p>Gef\u00fchlvolle Romance im wundersch\u00f6nen Schottland. F\u00fcr alle, die in den Feelgood-Modus eintauchen m\u00f6chten. Ein Wohlf\u00fchlroman f\u00fcr die Leser:innen von Jenny Colgan und Katharina Herzog<\/p>\n<p>\u00bbDer Sturm legte sich nicht. Im Gegenteil. Wilde unvorhersehbare B\u00f6en brandeten auf und lie\u00dfen die Scharniere der Tore klappern. Der Regen bestand aus langen Bindf\u00e4den, die ununterbrochen vom Himmel fielen. &#8230; \u203aM\u00f6chtest du noch ein Weilchen Castle-Luft atmen und vor K\u00e4lte zittern oder ist dir ein Feuer im Kamin in einem gem\u00fctlichen Cottage lieber?\u2039\u00ab<\/p>\n<p>Die Engl\u00e4nderin Catherine Woods arbeitet in Brighton als Anw\u00e4ltin. Sie ist spezialisiert auf Klienten, die in der \u00d6ffentlichkeit stehen. Kurz vor ihrem f\u00fcnfunddrei\u00dfigsten Geburtstag nimmt sie sich eine Auszeit. Voller Vorfreude reist sie ins Bright Blossom Cottage zu Ann und Luc. Im Cottage m\u00f6chte Catherine zu sich kommen und sich beruflich neu ausrichten. Ausgerechnet in diese Ruhe platzt Noah Jones, Stuntman, Social-Media-Star und Draufg\u00e4nger. Er wird \u00f6ffentlich beschuldigt, f\u00fcr das Verschwinden seiner Freundin verantwortlich zu sein, beteuert erfolglos seine Unschuld und bittet Catherine, ihn zu vertreten. Als Catherine den Fall ablehnt, ist ihm jedes Mittel recht, sie umzustimmen. Seine zum Teil unverfrorene und gleichzeitig charmante Art verbl\u00fcfft Catherine jedes Mal aufs Neue. Bald k\u00e4mpft sie nun nicht nur mit Paragrafen und der Presse sondern auch mit Noahs teuflisch verf\u00fchrerischer Ausstrahlung&#8230;<\/p>\n<p>Zitat:<br \/>\n\u00bbJuli Sand entf\u00fchrt uns mit ihrer Wohlf\u00fchlreihe \u00bbBright Blossom Cottage\u00ab ins wundersch\u00f6ne Schottland und l\u00e4sst unsere Herzen mit jedem Band h\u00f6her schlagen.\u00ab<br \/>\n(Carina Schnell, Bestsellerautorin)[\/vc_column_text][\/vc_column][vc_column offset=&#8220;vc_col-lg-offset-0 vc_col-lg-2\/5 vc_col-md-offset-0 vc_col-md-2\/5 vc_col-sm-offset-0 vc_col-xs-offset-2 vc_col-xs-12&#8243; css=&#8220;.vc_custom_1692194034685{margin-left: 10% !important;}&#8220;][vc_single_image image=&#8220;557&#8243; img_size=&#8220;350&#215;554&#8243; css_animation=&#8220;fadeInRightBig&#8220;][\/vc_column][\/vc_row][vc_row][vc_column css=&#8220;.vc_custom_1694100730740{padding-top: 20px !important;padding-bottom: 20px !important;}&#8220; el_id=&#8220;tea&#8220;][vc_cta h2=&#8220;Tea \u2013 Time im kleinen Cottage in Schottland&#8220; h2_font_container=&#8220;tag:h2|text_align:center|color:%23ffffff&#8220; h2_use_theme_fonts=&#8220;yes&#8220; h4_font_container=&#8220;tag:h4|text_align:left&#8220; shape=&#8220;square&#8220; style=&#8220;flat&#8220; color=&#8220;white&#8220; use_custom_fonts_h2=&#8220;true&#8220; use_custom_fonts_h4=&#8220;true&#8220; css=&#8220;.vc_custom_1696148601794{margin-top: 20px !important;margin-bottom: 20px !important;padding-top: 20px !important;padding-bottom: 20px !important;background-image: url(https:\/\/julisand.de\/ein-traum-am-meer\/wp-content\/uploads\/2023\/08\/cottage-stoerer-sale-online2.jpg?id=561) !important;background-position: center !important;background-repeat: no-repeat !important;background-size: cover !important;}&#8220;]<\/p>\n<h2 class=\"section-title\" style=\"text-align: center;\"><\/h2>\n<p style=\"text-align: center;\"><span style=\"color: #ffffff;\">Der Roman ist als E-Book und Taschenbuch im Handel zu bestellen.<\/span><\/p>\n<h2 style=\"text-align: center;\"><em><strong><a href=\"https:\/\/www.piper.de\/buecher\/tea-time-im-kleinen-cottage-in-schottland-isbn-978-3-492-50683-0\" target=\"_blank\" rel=\"noopener\"><span style=\"color: #ffffff;\">PIPER<\/span><\/a><\/strong><\/em><\/h2>\n<h2 style=\"text-align: center;\"><em><strong> <a href=\"https:\/\/www.amazon.de\/Tea-Time-kleinen-Cottage-Schottland-Blossom-ebook\/dp\/B0CFDTG2FT\/ref=sr_1_1?__mk_de_DE=%C3%85M%C3%85%C5%BD%C3%95%C3%91&amp;crid=2AMV624N8HQKR&amp;keywords=Tea-Time+im+kleinen+Cottage+in+Schottland&amp;qid=1692194516&amp;sprefix=tea-time+im+kleinen+cottage+in+schottland%2Caps%2C73&amp;sr=8-1\" target=\"_blank\" rel=\"noopener\"><span style=\"color: #ffffff;\">AMAZON<\/span><\/a><\/strong><\/em><\/h2>\n<h2 style=\"text-align: center;\"><em><strong><a href=\"https:\/\/www.graff.de\/shop\/artikel\/9783492506830.html\" target=\"_blank\" rel=\"noopener\"><span style=\"color: #ffffff;\">GRAFF<\/span><\/a>[\/vc_cta][\/vc_column][\/vc_row][vc_row][vc_column css_animation=&#8220;fadeIn&#8220; css=&#8220;.vc_custom_1623051209672{margin-top: 5% !important;margin-left: 8% !important;}&#8220; offset=&#8220;vc_col-lg-offset-0 vc_col-lg-3\/5 vc_col-md-offset-0 vc_col-md-3\/5 vc_col-sm-offset-0 vc_col-xs-12&#8243;][vc_column_text css=&#8220;.vc_custom_1715604782221{margin-right: 150px !important;}&#8220;]<\/strong><\/em><\/h2>\n<h1 class=\"book-detail-main-title\">Fr\u00fchst\u00fcck im kleinen Cottage<br \/>\nin Schottland<\/h1>\n<p>Ich nehme euch mit in ein kleines Cottage in Schottland. In meiner neuen Roman-Reihe bei Piper geht es um das gem\u00fctliche Bright Blossom Cottage, in dem sich unterschiedliche Menschen begegnen, Gef\u00fchle k\u00f6cheln und Herzen h\u00f6her schlagen.<\/p>\n<p><strong>Liebe geht durch den Magen.<\/strong><\/p>\n<h5>Ein Wohlf\u00fchlroman f\u00fcr die Leser:innen von Jenny Colgan, Karen Swan und Kira Mohn<\/h5>\n<p>\u00bbSie mochten einfach andere Dinge als er. Sie liebten die leichte s\u00fcdfranz\u00f6sische K\u00fcche, er bevorzugte deftige Speisen. W\u00e4hrend seine Familie gern Calvados zum Essen nahm, trank er lieber Scotch. Sie spielten leidenschaftlich Boule und er warf mit Baumst\u00e4mmen. Aber was bedeutete das schon, sie waren seine Familie.\u00ab<\/p>\n<p>Die Schottin Ann McLean hat sich an der C\u00f4te d&#8217;Azur einen Namen als Celebrity-Bloggerin gemacht, doch ihre Heimat nie vergessen: Voller Sehnsucht kehrt sie nach Edinburgh zur\u00fcck, um bei der Kochpr\u00fcfung ihres Bruders Andrew dabei zu sein. Doch bei der Pr\u00fcfung geht etwas schrecklich schief \u2013 die Rettung bringt in letzter Sekunde ein geheimnisvoller Fremder.<\/p>\n<p>Luca Testino, erfolgreicher Unternehmer f\u00fcr edlen Scotch. Luca will das Bright Blossom Cottage kaufen, in dem Anns Bruder kocht. Deshalb kreuzen sich die Wege der beiden immer wieder, was f\u00fcr bebende Herzen sorgt. Noch ahnt Ann nicht, dass sie weitaus mehr mit Luca verbindet, als sie vermutet \u2026<\/p>\n<p>Zitat:<br \/>\n\u00bbEin kleines Cottage, Whisky und ganz viel Gef\u00fchl.<br \/>\nPerfekt, um sich f\u00fcr ein paar gem\u00fctliche Lesestunden nach Schottland zu tr\u00e4umen.\u00ab<br \/>\n(Carina Schnell, Bestsellerautorin)[\/vc_column_text][\/vc_column][vc_column offset=&#8220;vc_col-lg-offset-0 vc_col-lg-2\/5 vc_col-md-offset-0 vc_col-md-2\/5 vc_col-sm-offset-0 vc_col-xs-offset-2 vc_col-xs-12&#8243;][vc_single_image image=&#8220;496&#8243; img_size=&#8220;350&#215;554&#8243; css_animation=&#8220;fadeInRightBig&#8220;][\/vc_column][\/vc_row][vc_row][vc_column css=&#8220;.vc_custom_1694100919244{padding-top: 20px !important;padding-bottom: 20px !important;}&#8220; el_id=&#8220;vorbestellen&#8220;][vc_cta h2=&#8220;Fr\u00fchst\u00fcck im kleinen Cottage in Schottland&#8220; h2_font_container=&#8220;tag:h2|text_align:center|color:%23ffffff&#8220; h2_use_theme_fonts=&#8220;yes&#8220; h4_font_container=&#8220;tag:h4|text_align:left&#8220; shape=&#8220;square&#8220; style=&#8220;flat&#8220; color=&#8220;white&#8220; use_custom_fonts_h2=&#8220;true&#8220; use_custom_fonts_h4=&#8220;true&#8220; css=&#8220;.vc_custom_1670849745085{margin-top: 20px !important;margin-bottom: 20px !important;padding-top: 20px !important;padding-bottom: 20px !important;background-image: url(https:\/\/julisand.de\/ein-traum-am-meer\/wp-content\/uploads\/2022\/12\/cottage-stoerer-sale-online.jpg?id=552) !important;background-position: center !important;background-repeat: no-repeat !important;background-size: cover !important;}&#8220;]<\/p>\n<h2 class=\"section-title\" style=\"text-align: center;\"><\/h2>\n<p style=\"text-align: center;\"><span style=\"color: #ffffff;\">Der Roman ist ab sofort als E-Book und Taschenbuch im Handel zu bestellen.<br \/>\n&gt;&gt; <strong>Erscheinungstermin ist der 26.01.23.<\/strong> &lt;&lt;<\/span><\/p>\n<h2 style=\"text-align: center;\"><em><strong><a href=\"https:\/\/www.thalia.de\/shop\/home\/artikeldetails\/A1066944607\" target=\"_blank\" rel=\"noopener\"><span style=\"color: #ffffff;\">THALIA<\/span><\/a> &#8211; <a href=\"https:\/\/www.amazon.de\/gp\/product\/B0BLYTD9FP\/ref=dbs_a_def_rwt_hsch_vapi_tkin_p1_i0\" target=\"_blank\" rel=\"noopener\"><span style=\"color: #ffffff;\">AMAZON<\/span><\/a><\/strong><\/em><\/h2>\n<p><center><span style=\"color: #ffffff;\">Ist das euer Wohlf\u00fchlroman?<br \/>\nNa dann bestellt ihn euch jetzt unbedingt <strong>mit Wunschsignatur<\/strong> vor!<br \/>\n&gt;&gt; <a href=\"https:\/\/www.graff.de\/shop\/artikel\/9783492506564.html\" target=\"_blank\" rel=\"noopener\"><em><strong>Buchhandlung Graff<\/strong><\/em><\/a><\/span><\/center>[\/vc_cta][\/vc_column][\/vc_row][vc_row][vc_column offset=&#8220;vc_col-lg-offset-0 vc_col-lg-2\/5 vc_col-md-offset-0 vc_col-md-2\/5 vc_col-sm-offset-0 vc_col-xs-offset-2 vc_col-xs-12&#8243; css=&#8220;.vc_custom_1692194095168{margin-left: 10% !important;}&#8220;][vc_single_image image=&#8220;474&#8243; img_size=&#8220;350&#215;554&#8243; css_animation=&#8220;fadeInRightBig&#8220;][\/vc_column][vc_column css_animation=&#8220;fadeIn&#8220; css=&#8220;.vc_custom_1623051209672{margin-top: 5% !important;margin-left: 8% !important;}&#8220; offset=&#8220;vc_col-lg-offset-0 vc_col-lg-3\/5 vc_col-md-offset-0 vc_col-md-3\/5 vc_col-sm-offset-0 vc_col-xs-12&#8243;][vc_column_text css=&#8220;.vc_custom_1646730847682{margin-right: 150px !important;}&#8220;]<\/p>\n<h2>Ein unvergesslicher Sommer \u2013<br \/>\nund das Abenteuer der Liebe:<\/h2>\n<p>Der Urlaubsroman \u00bb<strong>Ein Traum am Meer<\/strong>\u00ab<br \/>\nvon Juli Sand<\/p>\n<p>Zwischen der frischen Meeresbrise Brightons und der funkelnden Riviera wartet das Gl\u00fcck \u2026 Nachdem sie jahrelang alles f\u00fcr das Unternehmen ihres Vaters geopfert hat, tr\u00e4umt die junge Engl\u00e4nderin Claire nun von einem Neuanfang im sonnigen Saint-Tropez: In ihrem kleinen Laden am Meer will sie Vintage-Handtaschen zum kleinen Preis verleihen. Aber warum ist diese zauberhafte Idee dem CEO einer internationalen Modekette ein Dorn im Auge?<\/p>\n<p>Der ebenso attraktive wie skrupellose Massimo Noir scheint alles daran zu setzen, Claire aus dem Konzept zu bringen. Wenn sie nicht wieder die Koffer packen und nach Brighton zur\u00fcckkehren will, muss sie sich auf dieses provokante Spiel einlassen. Doch der erfolgsverw\u00f6hnte Playboy hat nicht damit gerechnet, dass Claire dabei seinen eigenen Geheimnissen auf die Spur kommen k\u00f6nnte \u2013 und sein Leben v\u00f6llig auf den Kopf stellt \u2026[\/vc_column_text][\/vc_column][\/vc_row][vc_row el_id=&#8220;Kaufen&#8220;][vc_column][vc_cta h2=&#8220;Ein Traum am Meer&#8220; h2_font_container=&#8220;tag:h2|text_align:center|color:%23000000&#8243; h2_use_theme_fonts=&#8220;yes&#8220; txt_align=&#8220;center&#8220; shape=&#8220;square&#8220; style=&#8220;flat&#8220; color=&#8220;white&#8220; use_custom_fonts_h2=&#8220;true&#8220; css=&#8220;.vc_custom_1668778176144{background-image: url(http:\/\/julisand.de\/saint-tropez\/wp-content\/uploads\/2022\/02\/Bildschirmfoto-2022-02-02-um-09.13.37.png?id=464) !important;}&#8220;]<\/p>\n<h2 class=\"section-title\" style=\"text-align: center;\"><\/h2>\n<p class=\"text-muted\" style=\"text-align: center;\"><span style=\"color: #000000;\">Jetzt als eBook kaufen und genie\u00dfen:<br \/>\nDer romantische Feelgood-Roman<br \/>\n\u00bb<strong>Ein Traum am Meer<\/strong>\u00ab<br \/>\nvon Juli Sand.<\/span><\/p>\n<h2 style=\"text-align: center;\"><em><strong><a href=\"https:\/\/www.thalia.de\/shop\/home\/artikeldetails\/A1062111120\" target=\"_blank\" rel=\"noopener\"><span style=\"color: #000000;\">THALIA<\/span><\/a> &#8211; <a href=\"https:\/\/www.amazon.de\/gp\/product\/B09DYDQ61D\/ref=dbs_a_def_rwt_hsch_vapi_tkin_p1_i0\" target=\"_blank\" rel=\"noopener\"><span style=\"color: #000000;\">AMAZON<\/span><\/a><\/strong><\/em><\/h2>\n<p>[\/vc_cta][\/vc_column][\/vc_row][vc_row css=&#8220;.vc_custom_1668778535720{background-color: #000000 !important;}&#8220; el_id=&#8220;regen&#8220;][vc_column css_animation=&#8220;fadeInDown&#8220; width=&#8220;2\/5&#8243; offset=&#8220;vc_col-lg-offset-0 vc_col-lg-2\/5 vc_col-md-offset-0 vc_col-md-2\/5 vc_col-sm-offset-0 vc_col-xs-12&#8243;][vc_single_image image=&#8220;401&#8243; img_size=&#8220;medium&#8220; css=&#8220;.vc_custom_1623136076252{margin-left: 25% !important;}&#8220;][\/vc_column][vc_column width=&#8220;3\/5&#8243; offset=&#8220;vc_col-lg-offset-0 vc_col-lg-3\/5 vc_col-md-offset-0 vc_col-md-3\/5 vc_col-sm-offset-0 vc_col-xs-offset-1 vc_col-xs-12&#8243;][vc_raw_html]JTNDZm9udCUyMGNvbG9yJTNEJTIyJTIzRkZGRkZGJTIyJTNFJTNDaDMlM0VXZWl0ZXJlJTIwVGl0ZWwlMjB2b24lMjBKdWxpJTIwU2FuZCUzQSUzQyUyRmgzJTNFJTBBJTNDZm9udCUyMGNvbG9yJTNEJTIyJTIzZjQxNjBkJTIyJTNFJTNDaDIlM0VJbW1lciUyMHdlbm4lMjBlcyUyMHJlZ25ldCUzQyUyRmgyJTNFJTNDZm9udCUzRSUwQSUzQ2ZvbnQlMjBjb2xvciUzRCUyMiUyM0ZGRkZGRiUyMiUzRSUzQ2gzJTNFRGVyJTIwRGViJUMzJUJDdC1Sb21hbiUyMHZvbiUyMEp1bGklMjBTYW5kJTNDJTJGaDMlM0UlMEFCcm9zY2hpZXJ0JTNBJTIwMjg4JTIwU2VpdGVuJTNDYnIlM0UlMEFWZXJsYWclM0ElMjBTY2h3YXJ6a29wZiUyMCUyNmFtcCUzQiUyMFNjaHdhcnprb3BmJTNDYnIlM0UlMEFTcHJhY2hlJTNBJTIwRGV1dHNjaCUzQ2JyJTNFJTNDYnIlM0UlMEElM0NzdHJvbmclM0UlM0NhJTIwaHJlZiUzRCUyMmh0dHBzJTNBJTJGJTJGd3d3LmFtYXpvbi5kZSUyRmRwJTJGMzg2MjY1Mzk2WCUyMiUyMHRhcmdldCUzRCUyMl9ibGFuayUyMiUyMHJlbCUzRCUyMm5vb3BlbmVyJTIyJTNFQmVpJTIwQW1hem9uJTIwa2F1ZmVuJTNDJTJGYSUzRSUzQyUyRnN0cm9uZyUzRSUyMCU3QyUyMCUzQ2ElMjBocmVmJTNEJTIyaHR0cHMlM0ElMkYlMkZqdWxpc2FuZC5kZSUyRmltbWVyLmh0bWwlMjIlMjB0YXJnZXQlM0QlMjJfYmxhbmslMjIlMjByZWwlM0QlMjJub29wZW5lciUyMiUzRSUzQ3N0cm9uZyUzRVp1ciUyMFdlYnNpdGUlM0MlMkZzdHJvbmclM0UlM0MlMkZhJTNFJTNDJTJGZm9udCUzRQ==[\/vc_raw_html][\/vc_column][\/vc_row]<\/p>\n","protected":false},"excerpt":{"rendered":"<p>[vc_row css=&#8220;.vc_custom_1622802692099{margin-right: 10% !important;}&#8220;][vc_column width=&#8220;2\/5&#8243; css=&#8220;.vc_custom_1622802876124{margin-left: 10% !important;}&#8220; offset=&#8220;vc_col-xs-2\/5&#8243;][vc_single_image image=&#8220;493&#8243; img_size=&#8220;full&#8220; css_animation=&#8220;fadeInLeftBig&#8220; el_id=&#8220;About&#8220;][\/vc_column][vc_column width=&#8220;3\/5&#8243; css=&#8220;.vc_custom_1622806371144{margin-top: 15% !important;margin-right: 100px !important;}&#8220; offset=&#8220;vc_col-xs-3\/5&#8243;][vc_column_text css_animation=&#8220;fadeIn&#8220;] Juli Sand Hallo, willkommen auf meiner Website, ich bin Juli und schon als kleines M\u00e4dchen habe ich viel gelesen und Gedichte geschrieben. Die Liebe zu B\u00fcchern und zum Schreiben hat mich dazu bewegt, Germanistik [&hellip;]<\/p>\n","protected":false},"author":1,"featured_media":0,"parent":0,"menu_order":0,"comment_status":"closed","ping_status":"closed","template":"unlimited-page.php","meta":{"footnotes":""},"class_list":["post-305","page","type-page","status-publish","hentry"],"_links":{"self":[{"href":"https:\/\/julisand.de\/ein-traum-am-meer\/wp-json\/wp\/v2\/pages\/305"}],"collection":[{"href":"https:\/\/julisand.de\/ein-traum-am-meer\/wp-json\/wp\/v2\/pages"}],"about":[{"href":"https:\/\/julisand.de\/ein-traum-am-meer\/wp-json\/wp\/v2\/types\/page"}],"author":[{"embeddable":true,"href":"https:\/\/julisand.de\/ein-traum-am-meer\/wp-json\/wp\/v2\/users\/1"}],"replies":[{"embeddable":true,"href":"https:\/\/julisand.de\/ein-traum-am-meer\/wp-json\/wp\/v2\/comments?post=305"}],"version-history":[{"count":197,"href":"https:\/\/julisand.de\/ein-traum-am-meer\/wp-json\/wp\/v2\/pages\/305\/revisions"}],"predecessor-version":[{"id":594,"href":"https:\/\/julisand.de\/ein-traum-am-meer\/wp-json\/wp\/v2\/pages\/305\/revisions\/594"}],"wp:attachment":[{"href":"https:\/\/julisand.de\/ein-traum-am-meer\/wp-json\/wp\/v2\/media?parent=305"}],"curies":[{"name":"wp","href":"https:\/\/api.w.org\/{rel}","templated":true}]}}